{"id":12,"date":"2024-05-18T11:18:28","date_gmt":"2024-05-18T09:18:28","guid":{"rendered":"https:\/\/gabrielgaulard.fr\/?page_id=12"},"modified":"2024-05-18T12:33:06","modified_gmt":"2024-05-18T10:33:06","slug":"peinture","status":"publish","type":"page","link":"https:\/\/gabrielgaulard.fr\/index.php\/peinture\/","title":{"rendered":"Peintures"},"content":{"rendered":"\n<figure class=\"wp-block-gallery has-nested-images columns-default is-cropped wp-block-gallery-1 is-layout-flex wp-block-gallery-is-layout-flex\">\n<figure class=\"wp-block-image size-large\"><img loading=\"lazy\" decoding=\"async\" width=\"749\" height=\"1024\" data-id=\"70\" src=\"https:\/\/gabrielgaulard.fr\/wp-content\/uploads\/2024\/05\/Serie-l-oeil-11-749x1024.jpg\" alt=\"\" class=\"wp-image-70\" srcset=\"https:\/\/gabrielgaulard.fr\/wp-content\/uploads\/2024\/05\/Serie-l-oeil-11-749x1024.jpg 749w, https:\/\/gabrielgaulard.fr\/wp-content\/uploads\/2024\/05\/Serie-l-oeil-11-220x300.jpg 220w, https:\/\/gabrielgaulard.fr\/wp-content\/uploads\/2024\/05\/Serie-l-oeil-11-768x1049.jpg 768w, https:\/\/gabrielgaulard.fr\/wp-content\/uploads\/2024\/05\/Serie-l-oeil-11-1124x1536.jpg 1124w, https:\/\/gabrielgaulard.fr\/wp-content\/uploads\/2024\/05\/Serie-l-oeil-11-1499x2048.jpg 1499w, https:\/\/gabrielgaulard.fr\/wp-content\/uploads\/2024\/05\/Serie-l-oeil-11.jpg 1873w\" sizes=\"auto, (max-width: 749px) 100vw, 749px\" \/><\/figure>\n\n\n\n<figure class=\"wp-block-image size-large\"><img loading=\"lazy\" decoding=\"async\" width=\"485\" height=\"1024\" data-id=\"69\" src=\"https:\/\/gabrielgaulard.fr\/wp-content\/uploads\/2024\/05\/Serie-l-oeil-10-485x1024.jpg\" alt=\"\" class=\"wp-image-69\" srcset=\"https:\/\/gabrielgaulard.fr\/wp-content\/uploads\/2024\/05\/Serie-l-oeil-10-485x1024.jpg 485w, https:\/\/gabrielgaulard.fr\/wp-content\/uploads\/2024\/05\/Serie-l-oeil-10-142x300.jpg 142w, https:\/\/gabrielgaulard.fr\/wp-content\/uploads\/2024\/05\/Serie-l-oeil-10-768x1623.jpg 768w, https:\/\/gabrielgaulard.fr\/wp-content\/uploads\/2024\/05\/Serie-l-oeil-10-727x1536.jpg 727w, https:\/\/gabrielgaulard.fr\/wp-content\/uploads\/2024\/05\/Serie-l-oeil-10-969x2048.jpg 969w, https:\/\/gabrielgaulard.fr\/wp-content\/uploads\/2024\/05\/Serie-l-oeil-10-scaled.jpg 1211w\" sizes=\"auto, (max-width: 485px) 100vw, 485px\" \/><\/figure>\n\n\n\n<figure class=\"wp-block-image size-large\"><img loading=\"lazy\" decoding=\"async\" width=\"779\" height=\"1024\" data-id=\"68\" src=\"https:\/\/gabrielgaulard.fr\/wp-content\/uploads\/2024\/05\/Serie-l-oeil-9-779x1024.jpg\" alt=\"\" class=\"wp-image-68\" srcset=\"https:\/\/gabrielgaulard.fr\/wp-content\/uploads\/2024\/05\/Serie-l-oeil-9-779x1024.jpg 779w, https:\/\/gabrielgaulard.fr\/wp-content\/uploads\/2024\/05\/Serie-l-oeil-9-228x300.jpg 228w, https:\/\/gabrielgaulard.fr\/wp-content\/uploads\/2024\/05\/Serie-l-oeil-9-768x1009.jpg 768w, https:\/\/gabrielgaulard.fr\/wp-content\/uploads\/2024\/05\/Serie-l-oeil-9-1169x1536.jpg 1169w, https:\/\/gabrielgaulard.fr\/wp-content\/uploads\/2024\/05\/Serie-l-oeil-9.jpg 1460w\" sizes=\"auto, (max-width: 779px) 100vw, 779px\" \/><\/figure>\n\n\n\n<figure class=\"wp-block-image size-large\"><img loading=\"lazy\" decoding=\"async\" width=\"742\" height=\"1024\" data-id=\"67\" src=\"https:\/\/gabrielgaulard.fr\/wp-content\/uploads\/2024\/05\/Serie-l-oeil-8-1-742x1024.jpg\" alt=\"\" class=\"wp-image-67\" srcset=\"https:\/\/gabrielgaulard.fr\/wp-content\/uploads\/2024\/05\/Serie-l-oeil-8-1-742x1024.jpg 742w, https:\/\/gabrielgaulard.fr\/wp-content\/uploads\/2024\/05\/Serie-l-oeil-8-1-217x300.jpg 217w, https:\/\/gabrielgaulard.fr\/wp-content\/uploads\/2024\/05\/Serie-l-oeil-8-1-768x1060.jpg 768w, https:\/\/gabrielgaulard.fr\/wp-content\/uploads\/2024\/05\/Serie-l-oeil-8-1-1113x1536.jpg 1113w, https:\/\/gabrielgaulard.fr\/wp-content\/uploads\/2024\/05\/Serie-l-oeil-8-1-1483x2048.jpg 1483w, https:\/\/gabrielgaulard.fr\/wp-content\/uploads\/2024\/05\/Serie-l-oeil-8-1.jpg 1763w\" sizes=\"auto, (max-width: 742px) 100vw, 742px\" \/><\/figure>\n\n\n\n<figure class=\"wp-block-image size-large\"><img loading=\"lazy\" decoding=\"async\" width=\"814\" height=\"1024\" data-id=\"65\" src=\"https:\/\/gabrielgaulard.fr\/wp-content\/uploads\/2024\/05\/Serie-l-oeil-7-814x1024.jpg\" alt=\"\" class=\"wp-image-65\" srcset=\"https:\/\/gabrielgaulard.fr\/wp-content\/uploads\/2024\/05\/Serie-l-oeil-7-814x1024.jpg 814w, https:\/\/gabrielgaulard.fr\/wp-content\/uploads\/2024\/05\/Serie-l-oeil-7-239x300.jpg 239w, https:\/\/gabrielgaulard.fr\/wp-content\/uploads\/2024\/05\/Serie-l-oeil-7-768x966.jpg 768w, https:\/\/gabrielgaulard.fr\/wp-content\/uploads\/2024\/05\/Serie-l-oeil-7-1222x1536.jpg 1222w, https:\/\/gabrielgaulard.fr\/wp-content\/uploads\/2024\/05\/Serie-l-oeil-7.jpg 1586w\" sizes=\"auto, (max-width: 814px) 100vw, 814px\" \/><\/figure>\n\n\n\n<figure class=\"wp-block-image size-large\"><img loading=\"lazy\" decoding=\"async\" width=\"747\" height=\"1024\" data-id=\"64\" src=\"https:\/\/gabrielgaulard.fr\/wp-content\/uploads\/2024\/05\/Serie-l-oeil-6-747x1024.jpg\" alt=\"\" class=\"wp-image-64\" srcset=\"https:\/\/gabrielgaulard.fr\/wp-content\/uploads\/2024\/05\/Serie-l-oeil-6-747x1024.jpg 747w, https:\/\/gabrielgaulard.fr\/wp-content\/uploads\/2024\/05\/Serie-l-oeil-6-219x300.jpg 219w, https:\/\/gabrielgaulard.fr\/wp-content\/uploads\/2024\/05\/Serie-l-oeil-6-768x1053.jpg 768w, https:\/\/gabrielgaulard.fr\/wp-content\/uploads\/2024\/05\/Serie-l-oeil-6-1120x1536.jpg 1120w, https:\/\/gabrielgaulard.fr\/wp-content\/uploads\/2024\/05\/Serie-l-oeil-6.jpg 1428w\" sizes=\"auto, (max-width: 747px) 100vw, 747px\" \/><\/figure>\n\n\n\n<figure class=\"wp-block-image size-large\"><img loading=\"lazy\" decoding=\"async\" width=\"730\" height=\"1024\" data-id=\"63\" src=\"https:\/\/gabrielgaulard.fr\/wp-content\/uploads\/2024\/05\/Serie-l-oeil-5-730x1024.jpg\" alt=\"\" class=\"wp-image-63\" srcset=\"https:\/\/gabrielgaulard.fr\/wp-content\/uploads\/2024\/05\/Serie-l-oeil-5-730x1024.jpg 730w, https:\/\/gabrielgaulard.fr\/wp-content\/uploads\/2024\/05\/Serie-l-oeil-5-214x300.jpg 214w, https:\/\/gabrielgaulard.fr\/wp-content\/uploads\/2024\/05\/Serie-l-oeil-5-768x1077.jpg 768w, https:\/\/gabrielgaulard.fr\/wp-content\/uploads\/2024\/05\/Serie-l-oeil-5-1096x1536.jpg 1096w, https:\/\/gabrielgaulard.fr\/wp-content\/uploads\/2024\/05\/Serie-l-oeil-5.jpg 1344w\" sizes=\"auto, (max-width: 730px) 100vw, 730px\" \/><\/figure>\n\n\n\n<figure class=\"wp-block-image size-large\"><img loading=\"lazy\" decoding=\"async\" width=\"587\" height=\"1024\" data-id=\"62\" src=\"https:\/\/gabrielgaulard.fr\/wp-content\/uploads\/2024\/05\/Serie-l-oeil-4-587x1024.jpg\" alt=\"\" class=\"wp-image-62\" srcset=\"https:\/\/gabrielgaulard.fr\/wp-content\/uploads\/2024\/05\/Serie-l-oeil-4-587x1024.jpg 587w, https:\/\/gabrielgaulard.fr\/wp-content\/uploads\/2024\/05\/Serie-l-oeil-4-172x300.jpg 172w, https:\/\/gabrielgaulard.fr\/wp-content\/uploads\/2024\/05\/Serie-l-oeil-4-768x1339.jpg 768w, https:\/\/gabrielgaulard.fr\/wp-content\/uploads\/2024\/05\/Serie-l-oeil-4-881x1536.jpg 881w, https:\/\/gabrielgaulard.fr\/wp-content\/uploads\/2024\/05\/Serie-l-oeil-4-1175x2048.jpg 1175w, https:\/\/gabrielgaulard.fr\/wp-content\/uploads\/2024\/05\/Serie-l-oeil-4.jpg 1262w\" sizes=\"auto, (max-width: 587px) 100vw, 587px\" \/><\/figure>\n\n\n\n<figure class=\"wp-block-image size-large\"><img loading=\"lazy\" decoding=\"async\" width=\"648\" height=\"1024\" data-id=\"61\" src=\"https:\/\/gabrielgaulard.fr\/wp-content\/uploads\/2024\/05\/Serie-l-oeil-3-648x1024.jpg\" alt=\"\" class=\"wp-image-61\" srcset=\"https:\/\/gabrielgaulard.fr\/wp-content\/uploads\/2024\/05\/Serie-l-oeil-3-648x1024.jpg 648w, https:\/\/gabrielgaulard.fr\/wp-content\/uploads\/2024\/05\/Serie-l-oeil-3-190x300.jpg 190w, https:\/\/gabrielgaulard.fr\/wp-content\/uploads\/2024\/05\/Serie-l-oeil-3-768x1214.jpg 768w, https:\/\/gabrielgaulard.fr\/wp-content\/uploads\/2024\/05\/Serie-l-oeil-3-972x1536.jpg 972w, https:\/\/gabrielgaulard.fr\/wp-content\/uploads\/2024\/05\/Serie-l-oeil-3-1296x2048.jpg 1296w, https:\/\/gabrielgaulard.fr\/wp-content\/uploads\/2024\/05\/Serie-l-oeil-3.jpg 1392w\" sizes=\"auto, (max-width: 648px) 100vw, 648px\" \/><\/figure>\n\n\n\n<figure class=\"wp-block-image size-large\"><img loading=\"lazy\" decoding=\"async\" width=\"744\" height=\"1024\" data-id=\"60\" src=\"https:\/\/gabrielgaulard.fr\/wp-content\/uploads\/2024\/05\/Serie-l-oeil-2-744x1024.jpg\" alt=\"\" class=\"wp-image-60\" srcset=\"https:\/\/gabrielgaulard.fr\/wp-content\/uploads\/2024\/05\/Serie-l-oeil-2-744x1024.jpg 744w, https:\/\/gabrielgaulard.fr\/wp-content\/uploads\/2024\/05\/Serie-l-oeil-2-218x300.jpg 218w, https:\/\/gabrielgaulard.fr\/wp-content\/uploads\/2024\/05\/Serie-l-oeil-2-768x1057.jpg 768w, https:\/\/gabrielgaulard.fr\/wp-content\/uploads\/2024\/05\/Serie-l-oeil-2-1116x1536.jpg 1116w, https:\/\/gabrielgaulard.fr\/wp-content\/uploads\/2024\/05\/Serie-l-oeil-2-1489x2048.jpg 1489w, https:\/\/gabrielgaulard.fr\/wp-content\/uploads\/2024\/05\/Serie-l-oeil-2.jpg 1599w\" sizes=\"auto, (max-width: 744px) 100vw, 744px\" \/><\/figure>\n\n\n\n<figure class=\"wp-block-image size-large\"><img loading=\"lazy\" decoding=\"async\" width=\"799\" height=\"1024\" data-id=\"59\" src=\"https:\/\/gabrielgaulard.fr\/wp-content\/uploads\/2024\/05\/Serie-l-oeil-1-799x1024.jpg\" alt=\"\" class=\"wp-image-59\" srcset=\"https:\/\/gabrielgaulard.fr\/wp-content\/uploads\/2024\/05\/Serie-l-oeil-1-799x1024.jpg 799w, https:\/\/gabrielgaulard.fr\/wp-content\/uploads\/2024\/05\/Serie-l-oeil-1-234x300.jpg 234w, https:\/\/gabrielgaulard.fr\/wp-content\/uploads\/2024\/05\/Serie-l-oeil-1-768x984.jpg 768w, https:\/\/gabrielgaulard.fr\/wp-content\/uploads\/2024\/05\/Serie-l-oeil-1-1199x1536.jpg 1199w, https:\/\/gabrielgaulard.fr\/wp-content\/uploads\/2024\/05\/Serie-l-oeil-1-1599x2048.jpg 1599w, https:\/\/gabrielgaulard.fr\/wp-content\/uploads\/2024\/05\/Serie-l-oeil-1.jpg 1700w\" sizes=\"auto, (max-width: 799px) 100vw, 799px\" \/><\/figure>\n<\/figure>\n\n\n\n<p>Sa peinture oscille entre plusieurs th\u00e8mes r\u00e9currents qu\u2019il d\u00e9cline en s\u00e9ries bien distinctes. De son exp\u00e9rience avec le graffiti, il cr\u00e9e des estampes. Il s\u2019exprime avec passion sur des supports aussi vari\u00e9s qu\u2019\u00e9tonnants, notamment de r\u00e9cup\u00e9ration, feuilles souill\u00e9es, cartons, bois, photocopies, enveloppes, toiles, tickets de caisse&#8230;etc&#8230; D\u2019un mixed media pouss\u00e9 \u00e0 l\u2019extr\u00eame jusqu\u2019\u00e0 la fabrication de ses outils, son obsession pour le mouvement, le corps f\u00e9minin, le rythme et l\u2019impact rejaillissent avec spontan\u00e9it\u00e9 dans l\u2019ensemble de son \u0153uvre.&nbsp;\u00bb<\/p>\n\n\n\n<p><em><strong>Techniques employ\u00e9es<\/strong><\/em><\/p>\n\n\n\n<p>Artiste \u00e0 la technique mixte (mixed-media), pinceaux et brosses de tous type, markers, bombes a\u00e9rosols, encres diverses, \u00e9ponges, rouleaux, couteaux, spatules et outils souvent transform\u00e9s sont au c\u0153ur de son processus cr\u00e9atif<\/p>\n\n\n\n<p>L\u2019utilisation de mat\u00e9riel parfois bas de gamme, industriel, non destin\u00e9 \u00e0 l\u2019art ou de r\u00e9cup\u00e9ration est assum\u00e9. La peinture a\u00e9rosol est retravaill\u00e9e aux pinceaux, des rehauts aux markers, feutres alcools et des outils fabriqu\u00e9s sur mesure, diverses inventions chaotiques, quelques pochoirs de fortunes et beaucoup de libert\u00e9, toujours<\/p>\n\n\n\n<p><\/p>\n\n\n\n<p><\/p>\n\n\n\n<p><\/p>\n","protected":false},"excerpt":{"rendered":"<p>Sa peinture oscille entre plusieurs th\u00e8mes r\u00e9currents qu\u2019il d\u00e9cline en s\u00e9ries bien distinctes. De son exp\u00e9rience avec le graffiti, il cr\u00e9e des estampes. Il s\u2019exprime avec passion sur des supports aussi vari\u00e9s qu\u2019\u00e9tonnants, notamment de r\u00e9cup\u00e9ration, feuilles souill\u00e9es, cartons, bois, photocopies, enveloppes, toiles, tickets de caisse&#8230;etc&#8230; D\u2019un mixed media pouss\u00e9 \u00e0 l\u2019extr\u00eame jusqu\u2019\u00e0 la fabrication [&hellip;]<\/p>\n","protected":false},"author":1,"featured_media":0,"parent":0,"menu_order":0,"comment_status":"closed","ping_status":"closed","template":"","meta":{"footnotes":""},"class_list":["post-12","page","type-page","status-publish","hentry"],"_links":{"self":[{"href":"https:\/\/gabrielgaulard.fr\/index.php\/wp-json\/wp\/v2\/pages\/12","targetHints":{"allow":["GET"]}}],"collection":[{"href":"https:\/\/gabrielgaulard.fr\/index.php\/wp-json\/wp\/v2\/pages"}],"about":[{"href":"https:\/\/gabrielgaulard.fr\/index.php\/wp-json\/wp\/v2\/types\/page"}],"author":[{"embeddable":true,"href":"https:\/\/gabrielgaulard.fr\/index.php\/wp-json\/wp\/v2\/users\/1"}],"replies":[{"embeddable":true,"href":"https:\/\/gabrielgaulard.fr\/index.php\/wp-json\/wp\/v2\/comments?post=12"}],"version-history":[{"count":6,"href":"https:\/\/gabrielgaulard.fr\/index.php\/wp-json\/wp\/v2\/pages\/12\/revisions"}],"predecessor-version":[{"id":73,"href":"https:\/\/gabrielgaulard.fr\/index.php\/wp-json\/wp\/v2\/pages\/12\/revisions\/73"}],"wp:attachment":[{"href":"https:\/\/gabrielgaulard.fr\/index.php\/wp-json\/wp\/v2\/media?parent=12"}],"curies":[{"name":"wp","href":"https:\/\/api.w.org\/{rel}","templated":true}]}}