{"id":13,"date":"2024-05-18T11:18:19","date_gmt":"2024-05-18T09:18:19","guid":{"rendered":"https:\/\/gabrielgaulard.fr\/?page_id=13"},"modified":"2024-05-18T13:00:14","modified_gmt":"2024-05-18T11:00:14","slug":"exposition","status":"publish","type":"page","link":"https:\/\/gabrielgaulard.fr\/index.php\/exposition\/","title":{"rendered":"Expositions"},"content":{"rendered":"\n<h1 class=\"wp-block-heading\">\u00e0.bout mes Expo<\/h1>\n\n\n\n<figure class=\"wp-block-gallery has-nested-images columns-default is-cropped wp-block-gallery-1 is-layout-flex wp-block-gallery-is-layout-flex\">\n<figure class=\"wp-block-image\"><img decoding=\"async\" src=\"https:\/\/static.wixstatic.com\/media\/7a545c_1cd85c5a81714d748102bd3bce1fb960~mv2.jpg\/v1\/crop\/x_96,y_0,w_3381,h_2438\/fill\/w_1128,h_814,al_c,q_85,usm_0.66_1.00_0.01,enc_auto\/NudeBoobs%20Basse%20def%20Recadr%C3%A9.jpg\" alt=\"NudeBoobs Basse def Recadr\u00e9.jpg\"\/><\/figure>\n<\/figure>\n\n\n\n<p>Historique Expositions<\/p>\n\n\n\n<p>A venir et pass\u00e9es<\/p>\n\n\n\n<p>2024 : 16 mai \u00ab\u00a0Mini Show Corbi\u00e8res\u00a0\u00bb<br>Mini exposition \u00e9ph\u00e9m\u00e8re \u00e0 <a href=\"https:\/\/www.fabriziopalasciano.com\/the-garage-vine\/\" data-type=\"link\" data-id=\"https:\/\/www.fabriziopalasciano.com\/the-garage-vine\/\" target=\"_blank\" rel=\"noreferrer noopener\">Garage Vine Art Space<br><\/a><\/p>\n\n\n\n<p>2020 : Mr Bricolage&nbsp;<\/p>\n\n\n\n<p>Zone ALBASUD Montauban 82<\/p>\n\n\n\n<p>Exposition en trois temps sur toutes l&rsquo;ann\u00e9e, trois s\u00e9ries pr\u00e9sent\u00e9es.<\/p>\n\n\n\n<p>1\/ L&rsquo;\u0152il&nbsp;<\/p>\n\n\n\n<p>2\/ Retro spray&rsquo;ktiv &gt; r\u00e9trospective 2005-2006<\/p>\n\n\n\n<p>3\/ Estampes Tags Exp\u00e9rimentaux<\/p>\n\n\n\n<p>\u200b<\/p>\n\n\n\n<p>2019 : M\u00e9diath\u00e8que N\u00e8grepelisse 82<\/p>\n\n\n\n<p>Exposition pr\u00e9sentant deux s\u00e9ries :<\/p>\n\n\n\n<p>L&rsquo;\u0152il&nbsp;+ Estampes Tags exp\u00e9rimentaux<\/p>\n\n\n\n<p>\u200b<\/p>\n\n\n\n<p>2006 : Galerie Le Scribe&nbsp;<\/p>\n\n\n\n<p>Kaktus pr\u00e9sente Ink#8<\/p>\n\n\n\n<p>\u200b<\/p>\n","protected":false},"excerpt":{"rendered":"<p>\u00e0.bout mes Expo Historique Expositions A venir et pass\u00e9es 2024 : 16 mai \u00ab\u00a0Mini Show Corbi\u00e8res\u00a0\u00bbMini exposition \u00e9ph\u00e9m\u00e8re \u00e0 Garage Vine Art Space 2020 : Mr Bricolage&nbsp; Zone ALBASUD Montauban 82 Exposition en trois temps sur toutes l&rsquo;ann\u00e9e, trois s\u00e9ries pr\u00e9sent\u00e9es. 1\/ L&rsquo;\u0152il&nbsp; 2\/ Retro spray&rsquo;ktiv &gt; r\u00e9trospective 2005-2006 3\/ Estampes Tags Exp\u00e9rimentaux \u200b 2019 [&hellip;]<\/p>\n","protected":false},"author":1,"featured_media":0,"parent":0,"menu_order":0,"comment_status":"closed","ping_status":"closed","template":"","meta":{"footnotes":""},"class_list":["post-13","page","type-page","status-publish","hentry"],"_links":{"self":[{"href":"https:\/\/gabrielgaulard.fr\/index.php\/wp-json\/wp\/v2\/pages\/13","targetHints":{"allow":["GET"]}}],"collection":[{"href":"https:\/\/gabrielgaulard.fr\/index.php\/wp-json\/wp\/v2\/pages"}],"about":[{"href":"https:\/\/gabrielgaulard.fr\/index.php\/wp-json\/wp\/v2\/types\/page"}],"author":[{"embeddable":true,"href":"https:\/\/gabrielgaulard.fr\/index.php\/wp-json\/wp\/v2\/users\/1"}],"replies":[{"embeddable":true,"href":"https:\/\/gabrielgaulard.fr\/index.php\/wp-json\/wp\/v2\/comments?post=13"}],"version-history":[{"count":6,"href":"https:\/\/gabrielgaulard.fr\/index.php\/wp-json\/wp\/v2\/pages\/13\/revisions"}],"predecessor-version":[{"id":86,"href":"https:\/\/gabrielgaulard.fr\/index.php\/wp-json\/wp\/v2\/pages\/13\/revisions\/86"}],"wp:attachment":[{"href":"https:\/\/gabrielgaulard.fr\/index.php\/wp-json\/wp\/v2\/media?parent=13"}],"curies":[{"name":"wp","href":"https:\/\/api.w.org\/{rel}","templated":true}]}}