{"id":19,"date":"2024-05-18T11:12:49","date_gmt":"2024-05-18T09:12:49","guid":{"rendered":"https:\/\/gabrielgaulard.fr\/?page_id=19"},"modified":"2024-05-18T12:38:49","modified_gmt":"2024-05-18T10:38:49","slug":"micro-edition","status":"publish","type":"page","link":"https:\/\/gabrielgaulard.fr\/index.php\/micro-edition\/","title":{"rendered":"Micro-\u00e9dition"},"content":{"rendered":"\n<p>Le Tertre Assoiff\u00e9 est une maison d&rsquo;\u00e9dition qui publie les oeuvres de Gaby G.<br>Plusieurs volumes sont actuellement publi\u00e9s, le catalogue est disponible sur simple demande.<\/p>\n\n\n\n<p>Gaby G est aussi publi\u00e9 dans <a href=\"https:\/\/revuemiroir.wordpress.com\/category\/gabriel-gaulard\/\" target=\"_blank\" rel=\"noreferrer noopener\">la revue Mirroir<\/a> depuis 2022.<\/p>\n","protected":false},"excerpt":{"rendered":"<p>Le Tertre Assoiff\u00e9 est une maison d&rsquo;\u00e9dition qui publie les oeuvres de Gaby G.Plusieurs volumes sont actuellement publi\u00e9s, le catalogue est disponible sur simple demande. Gaby G est aussi publi\u00e9 dans la revue Mirroir depuis 2022.<\/p>\n","protected":false},"author":1,"featured_media":0,"parent":0,"menu_order":0,"comment_status":"closed","ping_status":"closed","template":"","meta":{"footnotes":""},"class_list":["post-19","page","type-page","status-publish","hentry"],"_links":{"self":[{"href":"https:\/\/gabrielgaulard.fr\/index.php\/wp-json\/wp\/v2\/pages\/19","targetHints":{"allow":["GET"]}}],"collection":[{"href":"https:\/\/gabrielgaulard.fr\/index.php\/wp-json\/wp\/v2\/pages"}],"about":[{"href":"https:\/\/gabrielgaulard.fr\/index.php\/wp-json\/wp\/v2\/types\/page"}],"author":[{"embeddable":true,"href":"https:\/\/gabrielgaulard.fr\/index.php\/wp-json\/wp\/v2\/users\/1"}],"replies":[{"embeddable":true,"href":"https:\/\/gabrielgaulard.fr\/index.php\/wp-json\/wp\/v2\/comments?post=19"}],"version-history":[{"count":5,"href":"https:\/\/gabrielgaulard.fr\/index.php\/wp-json\/wp\/v2\/pages\/19\/revisions"}],"predecessor-version":[{"id":78,"href":"https:\/\/gabrielgaulard.fr\/index.php\/wp-json\/wp\/v2\/pages\/19\/revisions\/78"}],"wp:attachment":[{"href":"https:\/\/gabrielgaulard.fr\/index.php\/wp-json\/wp\/v2\/media?parent=19"}],"curies":[{"name":"wp","href":"https:\/\/api.w.org\/{rel}","templated":true}]}}